{"id":11,"date":"2021-01-19T07:11:56","date_gmt":"2021-01-19T07:11:56","guid":{"rendered":"https:\/\/ppcsuc.centruldecalcul.ro\/?page_id=11"},"modified":"2021-02-08T10:27:21","modified_gmt":"2021-02-08T10:27:21","slug":"prima-pagina","status":"publish","type":"page","link":"https:\/\/ppcsuc.centruldecalcul.ro\/","title":{"rendered":"Prima pagin\u0103"},"content":{"rendered":"\t\t<div data-elementor-type=\"wp-page\" data-elementor-id=\"11\" class=\"elementor elementor-11\">\n\t\t\t\t\t\t<section class=\"elementor-section elementor-top-section elementor-element elementor-element-c835bdf elementor-section-boxed elementor-section-height-default elementor-section-height-default\" data-id=\"c835bdf\" data-element_type=\"section\" data-e-type=\"section\">\n\t\t\t\t\t\t<div class=\"elementor-container elementor-column-gap-default\">\n\t\t\t\t\t<div class=\"elementor-column elementor-col-33 elementor-top-column elementor-element elementor-element-ed0a737\" data-id=\"ed0a737\" data-element_type=\"column\" data-e-type=\"column\">\n\t\t\t<div class=\"elementor-widget-wrap elementor-element-populated\">\n\t\t\t\t\t\t<div class=\"elementor-element elementor-element-e300038 elementor-widget elementor-widget-image\" data-id=\"e300038\" data-element_type=\"widget\" data-e-type=\"widget\" data-widget_type=\"image.default\">\n\t\t\t\t<div class=\"elementor-widget-container\">\n\t\t\t\t\t\t\t\t\t\t\t\t\t\t\t<img fetchpriority=\"high\" decoding=\"async\" width=\"1536\" height=\"1313\" src=\"https:\/\/ppcsuc.centruldecalcul.ro\/wp-content\/uploads\/2021\/01\/european-union-flag-with-text_full-colour_1-1536x1313.jpg\" class=\"attachment-1536x1536 size-1536x1536 wp-image-191\" alt=\"\" srcset=\"https:\/\/ppcsuc.centruldecalcul.ro\/wp-content\/uploads\/2021\/01\/european-union-flag-with-text_full-colour_1-1536x1313.jpg 1536w, https:\/\/ppcsuc.centruldecalcul.ro\/wp-content\/uploads\/2021\/01\/european-union-flag-with-text_full-colour_1-300x256.jpg 300w, https:\/\/ppcsuc.centruldecalcul.ro\/wp-content\/uploads\/2021\/01\/european-union-flag-with-text_full-colour_1-1024x875.jpg 1024w, https:\/\/ppcsuc.centruldecalcul.ro\/wp-content\/uploads\/2021\/01\/european-union-flag-with-text_full-colour_1-768x656.jpg 768w, https:\/\/ppcsuc.centruldecalcul.ro\/wp-content\/uploads\/2021\/01\/european-union-flag-with-text_full-colour_1.jpg 1694w\" sizes=\"(max-width: 1536px) 100vw, 1536px\" \/>\t\t\t\t\t\t\t\t\t\t\t\t\t\t\t<\/div>\n\t\t\t\t<\/div>\n\t\t\t\t\t<\/div>\n\t\t<\/div>\n\t\t\t\t<div class=\"elementor-column elementor-col-33 elementor-top-column elementor-element elementor-element-6a9c348\" data-id=\"6a9c348\" data-element_type=\"column\" data-e-type=\"column\">\n\t\t\t<div class=\"elementor-widget-wrap elementor-element-populated\">\n\t\t\t\t\t\t<div class=\"elementor-element elementor-element-4c2b1ac elementor-widget elementor-widget-image\" data-id=\"4c2b1ac\" data-element_type=\"widget\" data-e-type=\"widget\" data-widget_type=\"image.default\">\n\t\t\t\t<div class=\"elementor-widget-container\">\n\t\t\t\t\t\t\t\t\t\t\t\t\t\t\t<img decoding=\"async\" width=\"150\" height=\"150\" src=\"https:\/\/ppcsuc.centruldecalcul.ro\/wp-content\/uploads\/2021\/01\/Sigla_guvernului_Romaniei_versiunea_2016_cu_coroana-2-150x150.png\" class=\"attachment-thumbnail size-thumbnail wp-image-193\" alt=\"\" srcset=\"https:\/\/ppcsuc.centruldecalcul.ro\/wp-content\/uploads\/2021\/01\/Sigla_guvernului_Romaniei_versiunea_2016_cu_coroana-2-150x150.png 150w, https:\/\/ppcsuc.centruldecalcul.ro\/wp-content\/uploads\/2021\/01\/Sigla_guvernului_Romaniei_versiunea_2016_cu_coroana-2-300x300.png 300w, https:\/\/ppcsuc.centruldecalcul.ro\/wp-content\/uploads\/2021\/01\/Sigla_guvernului_Romaniei_versiunea_2016_cu_coroana-2-1024x1024.png 1024w, https:\/\/ppcsuc.centruldecalcul.ro\/wp-content\/uploads\/2021\/01\/Sigla_guvernului_Romaniei_versiunea_2016_cu_coroana-2-768x768.png 768w, https:\/\/ppcsuc.centruldecalcul.ro\/wp-content\/uploads\/2021\/01\/Sigla_guvernului_Romaniei_versiunea_2016_cu_coroana-2.png 1181w\" sizes=\"(max-width: 150px) 100vw, 150px\" \/>\t\t\t\t\t\t\t\t\t\t\t\t\t\t\t<\/div>\n\t\t\t\t<\/div>\n\t\t\t\t\t<\/div>\n\t\t<\/div>\n\t\t\t\t<div class=\"elementor-column elementor-col-33 elementor-top-column elementor-element elementor-element-80c6cf6\" data-id=\"80c6cf6\" data-element_type=\"column\" data-e-type=\"column\">\n\t\t\t<div class=\"elementor-widget-wrap elementor-element-populated\">\n\t\t\t\t\t\t<div class=\"elementor-element elementor-element-6db3be7 elementor-widget elementor-widget-image\" data-id=\"6db3be7\" data-element_type=\"widget\" data-e-type=\"widget\" data-widget_type=\"image.default\">\n\t\t\t\t<div class=\"elementor-widget-container\">\n\t\t\t\t\t\t\t\t\t\t\t\t\t\t\t<img decoding=\"async\" width=\"150\" height=\"150\" src=\"https:\/\/ppcsuc.centruldecalcul.ro\/wp-content\/uploads\/2021\/01\/sigla-instrumente-structurale-2014-2020-150x150.png\" class=\"attachment-thumbnail size-thumbnail wp-image-192\" alt=\"\" srcset=\"https:\/\/ppcsuc.centruldecalcul.ro\/wp-content\/uploads\/2021\/01\/sigla-instrumente-structurale-2014-2020-150x150.png 150w, https:\/\/ppcsuc.centruldecalcul.ro\/wp-content\/uploads\/2021\/01\/sigla-instrumente-structurale-2014-2020-300x300.png 300w, https:\/\/ppcsuc.centruldecalcul.ro\/wp-content\/uploads\/2021\/01\/sigla-instrumente-structurale-2014-2020-768x768.png 768w, https:\/\/ppcsuc.centruldecalcul.ro\/wp-content\/uploads\/2021\/01\/sigla-instrumente-structurale-2014-2020.png 950w\" sizes=\"(max-width: 150px) 100vw, 150px\" \/>\t\t\t\t\t\t\t\t\t\t\t\t\t\t\t<\/div>\n\t\t\t\t<\/div>\n\t\t\t\t\t<\/div>\n\t\t<\/div>\n\t\t\t\t\t<\/div>\n\t\t<\/section>\n\t\t\t\t<section class=\"elementor-section elementor-top-section elementor-element elementor-element-7d618cf elementor-section-boxed elementor-section-height-default elementor-section-height-default\" data-id=\"7d618cf\" data-element_type=\"section\" data-e-type=\"section\">\n\t\t\t\t\t\t<div class=\"elementor-container elementor-column-gap-default\">\n\t\t\t\t\t<div class=\"elementor-column elementor-col-100 elementor-top-column elementor-element elementor-element-4ba2aca\" data-id=\"4ba2aca\" data-element_type=\"column\" data-e-type=\"column\">\n\t\t\t<div class=\"elementor-widget-wrap elementor-element-populated\">\n\t\t\t\t\t\t<div class=\"elementor-element elementor-element-eff08bb elementor-widget elementor-widget-text-editor\" data-id=\"eff08bb\" data-element_type=\"widget\" data-e-type=\"widget\" data-widget_type=\"text-editor.default\">\n\t\t\t\t<div class=\"elementor-widget-container\">\n\t\t\t\t\t\t\t\t\t<p><strong>&#8220;Primul pas pentru o carier\u0103 de succes!&#8221; <\/strong><\/p><p><strong>POCU\/626\/6\/13\/133105<\/strong><\/p><p><strong>\u00a0<\/strong><strong>Centrul de Calcul S.A.<\/strong> \u00een parteneriat cu <strong>Universitatea &#8220;Constantin Br\u00e2ncu\u0219i\u201d din T\u00e2rgu Jiu \u0219i Asocia\u021bia pentru \u0218anse Egale, <\/strong>\u00een calitate de beneficiari, anun\u021b\u0103 demararea proiectului &#8220;Primul pas pentru o carier\u0103 de succes!&#8221;, POCU\/626\/6\/13\/133105.<br \/><strong>Obiectivul general al proiectului: <\/strong>Cre\u0219terea num\u0103rului absolven\u021bilor de \u00eenv\u0103\u021b\u0103m\u00e2nt ter\u021biar universitar din Universitatea Constantin Br\u00e2ncu\u0219i care \u00eesi g\u0103sesc un loc de munc\u0103 urmare a accesului la activit\u0103\u021bi de \u00eenv\u0103\u021bare la un poten\u021bial loc de munc\u0103 cu cel pu\u021bin 85 de persoane, cu accent pe sectoarele economice cu poten\u021bial competitiv identificate conform SNC \u0219i domeniile de specializare inteligent\u0103 conform SNCDI din regiune Sud-Vest Oltenia pe o perioad\u0103 de 24 de luni.<br \/><strong>Grupul \u021bint\u0103 al proiectului: <\/strong>este format din studen\u021bi 241 studen\u021bi \u00eenscrisi la Universitatea Constantin Br\u00e2ncu\u0219i din T\u00e2rgu-Jiu, care vor beneficia de servicii de informare, consiliere \u0219i orientare profesional\u0103, participare la stagii de practic\u0103, ateliere si vizite tematice, implicare \u00een inregistrarea si dezvoltarea a minim 10 intreprinderi simulate.<\/p><p>Proiectul, cu o valoare total\u0103 de 3.222.496,95 lei din care finan\u021bare nerambursabil\u0103 de 2.672.959,38 lei, se va implementa \u00een perioada: 05.09.2020 &#8211; 04.09.2022.<br \/><strong>Date de contact: <\/strong><br \/>tel.0253-214767, fax 0235-213409<br \/><a href=\"http:\/\/www.centruldecalcul.ro\">www.centruldecalcul.ro<\/a><br \/>E-mail sediu@centruldecalcul.ro<br \/>Persoan\u0103 de contact Ionic\u0103 Drago\u0219 Viorel \u2013 Manager de proiect<br \/>Informa\u021bii suplimentare se pot ob\u021bine la sediul Solicitantului, situat in T\u00e2rgu Jiu, str. Tudor Vladimirescu nr. 17; si Universitatea Constantin Brancusi din Targu Jiu, str. Republicii, nr. 1.<\/p>\t\t\t\t\t\t\t\t<\/div>\n\t\t\t\t<\/div>\n\t\t\t\t\t<\/div>\n\t\t<\/div>\n\t\t\t\t\t<\/div>\n\t\t<\/section>\n\t\t\t\t<section class=\"elementor-section elementor-top-section elementor-element elementor-element-96d69b3 elementor-hidden-tablet elementor-hidden-phone elementor-section-boxed elementor-section-height-default elementor-section-height-default\" data-id=\"96d69b3\" data-element_type=\"section\" data-e-type=\"section\">\n\t\t\t\t\t\t<div class=\"elementor-container elementor-column-gap-default\">\n\t\t\t\t\t<div class=\"elementor-column elementor-col-33 elementor-top-column elementor-element elementor-element-c1df75d\" data-id=\"c1df75d\" data-element_type=\"column\" data-e-type=\"column\">\n\t\t\t<div class=\"elementor-widget-wrap elementor-element-populated\">\n\t\t\t\t\t\t<div class=\"elementor-element elementor-element-a07ebde elementor-widget__width-initial elementor-absolute elementor-widget elementor-widget-image\" data-id=\"a07ebde\" data-element_type=\"widget\" data-e-type=\"widget\" data-settings=\"{&quot;_position&quot;:&quot;absolute&quot;}\" data-widget_type=\"image.default\">\n\t\t\t\t<div class=\"elementor-widget-container\">\n\t\t\t\t\t\t\t\t\t\t\t\t\t\t\t<img loading=\"lazy\" decoding=\"async\" width=\"640\" height=\"127\" src=\"https:\/\/ppcsuc.centruldecalcul.ro\/wp-content\/uploads\/2021\/01\/sigla_cc_nou_darcom_2017_fara_background.png\" class=\"attachment-full size-full wp-image-227\" alt=\"\" srcset=\"https:\/\/ppcsuc.centruldecalcul.ro\/wp-content\/uploads\/2021\/01\/sigla_cc_nou_darcom_2017_fara_background.png 640w, https:\/\/ppcsuc.centruldecalcul.ro\/wp-content\/uploads\/2021\/01\/sigla_cc_nou_darcom_2017_fara_background-300x60.png 300w\" sizes=\"(max-width: 640px) 100vw, 640px\" \/>\t\t\t\t\t\t\t\t\t\t\t\t\t\t\t<\/div>\n\t\t\t\t<\/div>\n\t\t\t\t\t<\/div>\n\t\t<\/div>\n\t\t\t\t<div class=\"elementor-column elementor-col-33 elementor-top-column elementor-element elementor-element-b66a19c\" data-id=\"b66a19c\" data-element_type=\"column\" data-e-type=\"column\">\n\t\t\t<div class=\"elementor-widget-wrap elementor-element-populated\">\n\t\t\t\t\t\t<div class=\"elementor-element elementor-element-a1b5edc elementor-widget elementor-widget-image\" data-id=\"a1b5edc\" data-element_type=\"widget\" data-e-type=\"widget\" data-widget_type=\"image.default\">\n\t\t\t\t<div class=\"elementor-widget-container\">\n\t\t\t\t\t\t\t\t\t\t\t\t\t\t\t<img loading=\"lazy\" decoding=\"async\" width=\"150\" height=\"150\" src=\"https:\/\/ppcsuc.centruldecalcul.ro\/wp-content\/uploads\/2021\/01\/sigla-ucb22-150x150.gif\" class=\"attachment-thumbnail size-thumbnail wp-image-219\" alt=\"\" \/>\t\t\t\t\t\t\t\t\t\t\t\t\t\t\t<\/div>\n\t\t\t\t<\/div>\n\t\t\t\t\t<\/div>\n\t\t<\/div>\n\t\t\t\t<div class=\"elementor-column elementor-col-33 elementor-top-column elementor-element elementor-element-61877de\" data-id=\"61877de\" data-element_type=\"column\" data-e-type=\"column\">\n\t\t\t<div class=\"elementor-widget-wrap elementor-element-populated\">\n\t\t\t\t\t\t<div class=\"elementor-element elementor-element-fea5155 elementor-widget elementor-widget-image\" data-id=\"fea5155\" data-element_type=\"widget\" data-e-type=\"widget\" data-widget_type=\"image.default\">\n\t\t\t\t<div class=\"elementor-widget-container\">\n\t\t\t\t\t\t\t\t\t\t\t\t\t\t\t<img loading=\"lazy\" decoding=\"async\" width=\"300\" height=\"190\" src=\"https:\/\/ppcsuc.centruldecalcul.ro\/wp-content\/uploads\/2021\/01\/sigla-apse-jpg-300x190.jpg\" class=\"attachment-medium size-medium wp-image-220\" alt=\"\" srcset=\"https:\/\/ppcsuc.centruldecalcul.ro\/wp-content\/uploads\/2021\/01\/sigla-apse-jpg-300x190.jpg 300w, https:\/\/ppcsuc.centruldecalcul.ro\/wp-content\/uploads\/2021\/01\/sigla-apse-jpg-768x486.jpg 768w, https:\/\/ppcsuc.centruldecalcul.ro\/wp-content\/uploads\/2021\/01\/sigla-apse-jpg.jpg 828w\" sizes=\"(max-width: 300px) 100vw, 300px\" \/>\t\t\t\t\t\t\t\t\t\t\t\t\t\t\t<\/div>\n\t\t\t\t<\/div>\n\t\t\t\t\t<\/div>\n\t\t<\/div>\n\t\t\t\t\t<\/div>\n\t\t<\/section>\n\t\t\t\t<\/div>\n\t\t","protected":false},"excerpt":{"rendered":"<p>&#8220;Primul pas pentru o carier\u0103 de succes!&#8221; POCU\/626\/6\/13\/133105 \u00a0Centrul de Calcul S.A. \u00een parteneriat cu Universitatea &#8220;Constantin Br\u00e2ncu\u0219i\u201d din T\u00e2rgu Jiu \u0219i Asocia\u021bia pentru \u0218anse Egale, \u00een calitate de beneficiari, anun\u021b\u0103 demararea proiectului &#8220;Primul pas pentru o carier\u0103 de succes!&#8221;, POCU\/626\/6\/13\/133105.Obiectivul general al proiectului: Cre\u0219terea num\u0103rului absolven\u021bilor de \u00eenv\u0103\u021b\u0103m\u00e2nt ter\u021biar universitar din Universitatea Constantin Br\u00e2ncu\u0219i [&hellip;]<\/p>\n","protected":false},"author":3,"featured_media":0,"parent":0,"menu_order":0,"comment_status":"closed","ping_status":"closed","template":"","meta":{"_mc_calendar":[],"footnotes":""},"class_list":["post-11","page","type-page","status-publish","hentry"],"_links":{"self":[{"href":"https:\/\/ppcsuc.centruldecalcul.ro\/index.php?rest_route=\/wp\/v2\/pages\/11","targetHints":{"allow":["GET"]}}],"collection":[{"href":"https:\/\/ppcsuc.centruldecalcul.ro\/index.php?rest_route=\/wp\/v2\/pages"}],"about":[{"href":"https:\/\/ppcsuc.centruldecalcul.ro\/index.php?rest_route=\/wp\/v2\/types\/page"}],"author":[{"embeddable":true,"href":"https:\/\/ppcsuc.centruldecalcul.ro\/index.php?rest_route=\/wp\/v2\/users\/3"}],"replies":[{"embeddable":true,"href":"https:\/\/ppcsuc.centruldecalcul.ro\/index.php?rest_route=%2Fwp%2Fv2%2Fcomments&post=11"}],"version-history":[{"count":100,"href":"https:\/\/ppcsuc.centruldecalcul.ro\/index.php?rest_route=\/wp\/v2\/pages\/11\/revisions"}],"predecessor-version":[{"id":367,"href":"https:\/\/ppcsuc.centruldecalcul.ro\/index.php?rest_route=\/wp\/v2\/pages\/11\/revisions\/367"}],"wp:attachment":[{"href":"https:\/\/ppcsuc.centruldecalcul.ro\/index.php?rest_route=%2Fwp%2Fv2%2Fmedia&parent=11"}],"curies":[{"name":"wp","href":"https:\/\/api.w.org\/{rel}","templated":true}]}}