{"id":15,"date":"2021-01-19T07:12:45","date_gmt":"2021-01-19T07:12:45","guid":{"rendered":"https:\/\/ppcsuc.centruldecalcul.ro\/?page_id=15"},"modified":"2021-01-21T10:40:41","modified_gmt":"2021-01-21T10:40:41","slug":"activitati","status":"publish","type":"page","link":"https:\/\/ppcsuc.centruldecalcul.ro\/?page_id=15","title":{"rendered":"Activit\u0103\u021bi"},"content":{"rendered":"\t\t<div data-elementor-type=\"wp-page\" data-elementor-id=\"15\" class=\"elementor elementor-15\">\n\t\t\t\t\t\t<section class=\"elementor-section elementor-top-section elementor-element elementor-element-13f7770 elementor-section-boxed elementor-section-height-default elementor-section-height-default\" data-id=\"13f7770\" data-element_type=\"section\" data-e-type=\"section\">\n\t\t\t\t\t\t<div class=\"elementor-container elementor-column-gap-default\">\n\t\t\t\t\t<div class=\"elementor-column elementor-col-100 elementor-top-column elementor-element elementor-element-d31e705\" data-id=\"d31e705\" data-element_type=\"column\" data-e-type=\"column\">\n\t\t\t<div class=\"elementor-widget-wrap elementor-element-populated\">\n\t\t\t\t\t\t<div class=\"elementor-element elementor-element-ae7988d elementor-widget elementor-widget-text-editor\" data-id=\"ae7988d\" data-element_type=\"widget\" data-e-type=\"widget\" data-widget_type=\"text-editor.default\">\n\t\t\t\t<div class=\"elementor-widget-container\">\n\t\t\t\t\t\t\t\t\t<h1><strong>ACTIVIT\u0102\u021aI<\/strong><\/h1>\t\t\t\t\t\t\t\t<\/div>\n\t\t\t\t<\/div>\n\t\t\t\t\t<\/div>\n\t\t<\/div>\n\t\t\t\t\t<\/div>\n\t\t<\/section>\n\t\t\t\t<section class=\"elementor-section elementor-top-section elementor-element elementor-element-bef5d18 elementor-section-boxed elementor-section-height-default elementor-section-height-default\" data-id=\"bef5d18\" data-element_type=\"section\" data-e-type=\"section\">\n\t\t\t\t\t\t<div class=\"elementor-container elementor-column-gap-default\">\n\t\t\t\t\t<div class=\"elementor-column elementor-col-100 elementor-top-column elementor-element elementor-element-aa20c5e\" data-id=\"aa20c5e\" data-element_type=\"column\" data-e-type=\"column\">\n\t\t\t<div class=\"elementor-widget-wrap elementor-element-populated\">\n\t\t\t\t\t\t<div class=\"elementor-element elementor-element-d81d079 elementor-widget elementor-widget-heading\" data-id=\"d81d079\" data-element_type=\"widget\" data-e-type=\"widget\" data-widget_type=\"heading.default\">\n\t\t\t\t<div class=\"elementor-widget-container\">\n\t\t\t\t\t<span class=\"elementor-heading-title elementor-size-small\">     Centrul de Calcul S.A. \u00een parteneriat cu Universitatea \u201cConstantin Br\u00e2ncu\u0219i\u201d din T\u00e2rgu Jiu \u0219i Asocia\u021bia pentru \u0218anse Egale, \u00een calitate de beneficiari, anun\u021b\u0103 demararea proiectului \u201cPrimul pas pentru o carier\u0103 de succes!\u201d, POCU\/626\/6\/13\/133105.\n<br>\n     Obiectivul general al proiectului: Cre\u0219terea num\u0103rului absolven\u021bilor de \u00eenv\u0103\u021b\u0103m\u00e2nt ter\u021biar universitar din Universitatea Constantin Br\u00e2ncu\u0219i care \u00eesi g\u0103sesc un loc de munc\u0103 urmare a accesului la activit\u0103\u021bi de \u00eenv\u0103\u021bare la un poten\u021bial loc de munc\u0103 cu cel pu\u021bin 85 de persoane, cu accent pe sectoarele economice cu poten\u021bial competitiv identificate conform SNC \u0219i domeniile de specializare inteligent\u0103 conform SNCDI din regiune Sud-Vest Oltenia pe o perioad\u0103 de 24 de luni.\n<br><\/span>\t\t\t\t<\/div>\n\t\t\t\t<\/div>\n\t\t\t\t\t<\/div>\n\t\t<\/div>\n\t\t\t\t\t<\/div>\n\t\t<\/section>\n\t\t\t\t<section class=\"elementor-section elementor-top-section elementor-element elementor-element-9aaa880 elementor-section-boxed elementor-section-height-default elementor-section-height-default\" data-id=\"9aaa880\" data-element_type=\"section\" data-e-type=\"section\">\n\t\t\t\t\t\t<div class=\"elementor-container elementor-column-gap-default\">\n\t\t\t\t\t<div class=\"elementor-column elementor-col-100 elementor-top-column elementor-element elementor-element-51ce3fc\" data-id=\"51ce3fc\" data-element_type=\"column\" data-e-type=\"column\">\n\t\t\t<div class=\"elementor-widget-wrap elementor-element-populated\">\n\t\t\t\t\t\t<div class=\"elementor-element elementor-element-693b1f4 elementor-widget elementor-widget-heading\" data-id=\"693b1f4\" data-element_type=\"widget\" data-e-type=\"widget\" data-widget_type=\"heading.default\">\n\t\t\t\t<div class=\"elementor-widget-container\">\n\t\t\t\t\t<h3 class=\"elementor-heading-title elementor-size-default\">Anun\u021buri<\/h3>\t\t\t\t<\/div>\n\t\t\t\t<\/div>\n\t\t\t\t\t<\/div>\n\t\t<\/div>\n\t\t\t\t\t<\/div>\n\t\t<\/section>\n\t\t\t\t<section class=\"elementor-section elementor-top-section elementor-element elementor-element-5978179 elementor-section-boxed elementor-section-height-default elementor-section-height-default\" data-id=\"5978179\" data-element_type=\"section\" data-e-type=\"section\">\n\t\t\t\t\t\t<div class=\"elementor-container elementor-column-gap-default\">\n\t\t\t\t\t<div class=\"elementor-column elementor-col-100 elementor-top-column elementor-element elementor-element-aabbf77\" data-id=\"aabbf77\" data-element_type=\"column\" data-e-type=\"column\">\n\t\t\t<div class=\"elementor-widget-wrap elementor-element-populated\">\n\t\t\t\t\t\t<div class=\"elementor-element elementor-element-777d6d0 elementor-invisible elementor-widget elementor-widget-heading\" data-id=\"777d6d0\" data-element_type=\"widget\" data-e-type=\"widget\" data-settings=\"{&quot;_animation&quot;:&quot;bounce&quot;}\" data-widget_type=\"heading.default\">\n\t\t\t\t<div class=\"elementor-widget-container\">\n\t\t\t\t\t<h4 class=\"elementor-heading-title elementor-size-default\"><a href=\"https:\/\/ppcsuc.centruldecalcul.ro\/wp-content\/uploads\/2021\/01\/Comunicat-de-lansare-proiect_-133105.pdf\" target=\"_blank\">Comunicat de lansare proiect - 133105<\/a><\/h4>\t\t\t\t<\/div>\n\t\t\t\t<\/div>\n\t\t\t\t\t<\/div>\n\t\t<\/div>\n\t\t\t\t\t<\/div>\n\t\t<\/section>\n\t\t\t\t<section class=\"elementor-section elementor-top-section elementor-element elementor-element-37bb39a elementor-section-boxed elementor-section-height-default elementor-section-height-default\" data-id=\"37bb39a\" data-element_type=\"section\" data-e-type=\"section\">\n\t\t\t\t\t\t<div class=\"elementor-container elementor-column-gap-default\">\n\t\t\t\t\t<div class=\"elementor-column elementor-col-100 elementor-top-column elementor-element elementor-element-501f104\" data-id=\"501f104\" data-element_type=\"column\" data-e-type=\"column\">\n\t\t\t<div class=\"elementor-widget-wrap elementor-element-populated\">\n\t\t\t\t\t\t<div class=\"elementor-element elementor-element-efa1b31 elementor-widget elementor-widget-image\" data-id=\"efa1b31\" data-element_type=\"widget\" data-e-type=\"widget\" data-widget_type=\"image.default\">\n\t\t\t\t<div class=\"elementor-widget-container\">\n\t\t\t\t\t\t\t\t\t\t\t\t\t\t\t<img fetchpriority=\"high\" decoding=\"async\" width=\"640\" height=\"427\" src=\"https:\/\/ppcsuc.centruldecalcul.ro\/wp-content\/uploads\/2021\/01\/activitati-1024x683.jpg\" class=\"attachment-large size-large wp-image-131\" alt=\"\" srcset=\"https:\/\/ppcsuc.centruldecalcul.ro\/wp-content\/uploads\/2021\/01\/activitati-1024x683.jpg 1024w, https:\/\/ppcsuc.centruldecalcul.ro\/wp-content\/uploads\/2021\/01\/activitati-300x200.jpg 300w, https:\/\/ppcsuc.centruldecalcul.ro\/wp-content\/uploads\/2021\/01\/activitati-768x512.jpg 768w, https:\/\/ppcsuc.centruldecalcul.ro\/wp-content\/uploads\/2021\/01\/activitati-1536x1024.jpg 1536w, https:\/\/ppcsuc.centruldecalcul.ro\/wp-content\/uploads\/2021\/01\/activitati-2048x1365.jpg 2048w, https:\/\/ppcsuc.centruldecalcul.ro\/wp-content\/uploads\/2021\/01\/activitati-180x120.jpg 180w\" sizes=\"(max-width: 640px) 100vw, 640px\" \/>\t\t\t\t\t\t\t\t\t\t\t\t\t\t\t<\/div>\n\t\t\t\t<\/div>\n\t\t\t\t\t<\/div>\n\t\t<\/div>\n\t\t\t\t\t<\/div>\n\t\t<\/section>\n\t\t\t\t<\/div>\n\t\t","protected":false},"excerpt":{"rendered":"<p>ACTIVIT\u0102\u021aI Centrul de Calcul S.A. \u00een parteneriat cu Universitatea \u201cConstantin Br\u00e2ncu\u0219i\u201d din T\u00e2rgu Jiu \u0219i Asocia\u021bia pentru \u0218anse Egale, \u00een calitate de beneficiari, anun\u021b\u0103 demararea proiectului \u201cPrimul pas pentru o carier\u0103 de succes!\u201d, POCU\/626\/6\/13\/133105. Obiectivul general al proiectului: Cre\u0219terea num\u0103rului absolven\u021bilor de \u00eenv\u0103\u021b\u0103m\u00e2nt ter\u021biar universitar din Universitatea Constantin Br\u00e2ncu\u0219i care \u00eesi g\u0103sesc un loc de [&hellip;]<\/p>\n","protected":false},"author":3,"featured_media":0,"parent":0,"menu_order":0,"comment_status":"closed","ping_status":"closed","template":"","meta":{"_mc_calendar":[],"footnotes":""},"class_list":["post-15","page","type-page","status-publish","hentry"],"_links":{"self":[{"href":"https:\/\/ppcsuc.centruldecalcul.ro\/index.php?rest_route=\/wp\/v2\/pages\/15","targetHints":{"allow":["GET"]}}],"collection":[{"href":"https:\/\/ppcsuc.centruldecalcul.ro\/index.php?rest_route=\/wp\/v2\/pages"}],"about":[{"href":"https:\/\/ppcsuc.centruldecalcul.ro\/index.php?rest_route=\/wp\/v2\/types\/page"}],"author":[{"embeddable":true,"href":"https:\/\/ppcsuc.centruldecalcul.ro\/index.php?rest_route=\/wp\/v2\/users\/3"}],"replies":[{"embeddable":true,"href":"https:\/\/ppcsuc.centruldecalcul.ro\/index.php?rest_route=%2Fwp%2Fv2%2Fcomments&post=15"}],"version-history":[{"count":61,"href":"https:\/\/ppcsuc.centruldecalcul.ro\/index.php?rest_route=\/wp\/v2\/pages\/15\/revisions"}],"predecessor-version":[{"id":183,"href":"https:\/\/ppcsuc.centruldecalcul.ro\/index.php?rest_route=\/wp\/v2\/pages\/15\/revisions\/183"}],"wp:attachment":[{"href":"https:\/\/ppcsuc.centruldecalcul.ro\/index.php?rest_route=%2Fwp%2Fv2%2Fmedia&parent=15"}],"curies":[{"name":"wp","href":"https:\/\/api.w.org\/{rel}","templated":true}]}}